{"id":21134,"date":"2022-06-04T15:31:17","date_gmt":"2022-06-04T13:31:17","guid":{"rendered":"https:\/\/migranttv.org\/migrant-tv-shows"},"modified":"2022-06-04T15:33:21","modified_gmt":"2022-06-04T13:33:21","slug":"migrant-tv-shows","status":"publish","type":"page","link":"https:\/\/migranttv.org\/en\/migrant-tv-shows\/","title":{"rendered":"Migrant TV Shows"},"content":{"rendered":"\t\t<div data-elementor-type=\"wp-page\" data-elementor-id=\"21134\" class=\"elementor elementor-21134 elementor-3064\">\n\t\t\t\t\t\t<div class=\"elementor-inner\">\n\t\t\t\t<div class=\"elementor-section-wrap\">\n\t\t\t\t\t\t\t\t\t<section class=\"elementor-section elementor-top-section elementor-element elementor-element-295645e elementor-section-boxed elementor-section-height-default elementor-section-height-default sc_fly_static\" data-id=\"295645e\" data-element_type=\"section\">\n\t\t\t\t\t\t<div class=\"elementor-container elementor-column-gap-extended\">\n\t\t\t\t\t\t\t<div class=\"elementor-row\">\n\t\t\t\t\t<div class=\"elementor-column elementor-col-100 elementor-top-column elementor-element elementor-element-09fd53c sc_inner_width_none sc_content_align_inherit sc_layouts_column_icons_position_left sc_fly_static\" data-id=\"09fd53c\" data-element_type=\"column\">\n\t\t\t<div class=\"elementor-column-wrap elementor-element-populated\">\n\t\t\t\t\t\t\t<div class=\"elementor-widget-wrap\">\n\t\t\t\t\t\t<div class=\"elementor-element elementor-element-34365c9 sc_height_large sc_fly_static elementor-widget elementor-widget-spacer\" data-id=\"34365c9\" data-element_type=\"widget\" data-widget_type=\"spacer.default\">\n\t\t\t\t<div class=\"elementor-widget-container\">\n\t\t\t\t\t<div class=\"elementor-spacer\">\n\t\t\t<div class=\"elementor-spacer-inner\"><\/div>\n\t\t<\/div>\n\t\t\t\t<\/div>\n\t\t\t\t<\/div>\n\t\t\t\t<div class=\"elementor-element elementor-element-f91d8bb sc_style_default sc_fly_static elementor-widget elementor-widget-trx_sc_blogger\" data-id=\"f91d8bb\" data-element_type=\"widget\" data-widget_type=\"trx_sc_blogger.default\">\n\t\t\t\t<div class=\"elementor-widget-container\">\n\t\t\t<div \t\tclass=\"sc_blogger sc_blogger_lay_portfolio_grid sc_blogger_lay_portfolio_grid_grid_style_9 sc_item_filters_tabs_none alignnone\" ><div class=\"sc_blogger_content sc_item_content sc_item_posts_container\" ><div class=\"sc_blogger_grid_wrap sc_blogger_grid_9 sc_blogger_grid_columns_2\" ><div data-post-id=\"21133\" data-item-number=\"1\" class=\"sc_blogger_item sc_item_container post_container sc_blogger_item_lay_portfolio sc_blogger_item_lay_portfolio_style_7 sc_blogger_item_odd sc_blogger_item_align_none post_format_standard sc_blogger_item_with_image sc_blogger_item_no_excerpt sc_blogger_item_image_position_top post-21133 cpt_portfolio type-cpt_portfolio status-publish has-post-thumbnail hentry cpt_portfolio_group-migrant-tv-special\" ><div class=\"sc_blogger_item_body\"><div class=\"post_featured with_thumb hover_link hover_play sc_item_featured sc_blogger_item_featured post_featured_bg\" data-ratio=\"16:9\"><span class=\"post_thumb post_thumb_bg bg_in sanger_inline_206665689\"><\/span>\t\t\t\t\t\t<div class=\"mask\"><\/div>\n\t\t\t\t\t\t<div class=\"post_info_bl\"><h5 class=\"sc_blogger_item_title entry-title\" data-item-number=\"1\"><a href=\"https:\/\/migranttv.org\/en\/portfolio\/painting-workshop-with-hikmet-cetinkaya\/\" rel=\"bookmark\">Painting Workshop with Hikmet \u00c7etinkaya<\/a><\/h5><div class=\"post_meta sc_blogger_item_meta post_meta_categories\"><span class=\"post_meta_item post_categories cat_sep\"><a href=\"https:\/\/migranttv.org\/en\/portfolio_group\/migrant-tv-special\/\" title=\"View all posts in Migrant TV Special\">Migrant TV Special<\/a><\/span><\/div><\/div><a class=\"post_link sc_blogger_item_link\" href=\"https:\/\/migranttv.org\/en\/portfolio\/painting-workshop-with-hikmet-cetinkaya\/\"><\/a>\t\t\t<a href=\"https:\/\/migranttv.org\/en\/portfolio\/painting-workshop-with-hikmet-cetinkaya\/\"  aria-hidden=\"true\" class=\"link\"><\/a>\n\t\t\t\t\t\t\t\t\t\t\t<div class=\"post_video_hover\" data-video=\"&lt;div id=&quot;sc_video_1896992828&quot; class=&quot;trx_addons_video_player without_cover&quot;&gt;&lt;div class=&quot;video_embed video_frame&quot;&gt;&lt;iframe title=&quot;Painting Workshop with Hikmet \u00c7etinkaya&quot; width=&quot;840&quot; height=&quot;473&quot; src=&quot;https:\/\/www.youtube.com\/embed\/Kij18phwdiI?feature=oembed&amp;autoplay=1&quot;  allow=&quot;accelerometer; autoplay; clipboard-write; encrypted-media; gyroscope; picture-in-picture&quot; allowfullscreen&gt;&lt;\/iframe&gt;&lt;\/div&gt;&lt;\/div&gt;\"><\/div>\n\t\t\t\t\t\t\t\t\t\t\t\t\t\t\t<div class=\"post_video video_frame\">\n\t\t\t\t\t\t\t\t\t\t\t\t\t\t\t<\/div>\n\t\t\t\t\t\t\t<\/div><\/div><!-- .sc_blogger_item_body --><\/div><!-- .sc_blogger_item --><div data-post-id=\"3220\" data-item-number=\"2\" class=\"sc_blogger_item sc_item_container post_container sc_blogger_item_lay_portfolio sc_blogger_item_lay_portfolio_style_7 sc_blogger_item_even sc_blogger_item_align_none post_format_standard sc_blogger_item_with_image sc_blogger_item_no_excerpt sc_blogger_item_image_position_top post-3220 cpt_portfolio type-cpt_portfolio status-publish has-post-thumbnail hentry cpt_portfolio_group-covers cpt_portfolio_group-migrant-tv-ozel\" ><div class=\"sc_blogger_item_body\"><div class=\"post_featured with_thumb hover_link hover_play sc_item_featured sc_blogger_item_featured post_featured_bg\" data-ratio=\"16:9\"><span class=\"post_thumb post_thumb_bg bg_in sanger_inline_776782295\"><\/span>\t\t\t\t\t\t<div class=\"mask\"><\/div>\n\t\t\t\t\t\t<div class=\"post_info_bl\"><h5 class=\"sc_blogger_item_title entry-title\" data-item-number=\"2\"><a href=\"https:\/\/migranttv.org\/en\/portfolio\/adana-saricam-cocuk-senligi\/\" rel=\"bookmark\">Adana Sar\u0131\u00e7am \u00c7ocuk \u015eenli\u011fi<\/a><\/h5><div class=\"post_meta sc_blogger_item_meta post_meta_categories\"><span class=\"post_meta_item post_categories cat_sep\"><a href=\"https:\/\/migranttv.org\/portfolio_group\/covers\/\" title=\"View all posts in Covers\">Covers<\/a><span class=\"post_meta_item_cat_separator\">, <\/span><a href=\"https:\/\/migranttv.org\/portfolio_group\/migrant-tv-ozel\/\" title=\"View all posts in Migrant TV \u00d6zel\">Migrant TV \u00d6zel<\/a><\/span><\/div><\/div><a class=\"post_link sc_blogger_item_link\" href=\"https:\/\/migranttv.org\/en\/portfolio\/adana-saricam-cocuk-senligi\/\"><\/a>\t\t\t<a href=\"https:\/\/migranttv.org\/en\/portfolio\/adana-saricam-cocuk-senligi\/\"  aria-hidden=\"true\" class=\"link\"><\/a>\n\t\t\t\t\t\t\t\t\t\t\t<div class=\"post_video_hover\" data-video=\"&lt;div id=&quot;sc_video_198059462&quot; class=&quot;trx_addons_video_player without_cover&quot;&gt;&lt;div class=&quot;video_embed video_frame&quot;&gt;&lt;iframe title=&quot;Adana Sar\u0131\u00e7am \u00c7ocuk \u015eenli\u011fi&quot; width=&quot;840&quot; height=&quot;473&quot; src=&quot;https:\/\/www.youtube.com\/embed\/61emr50eVQY?feature=oembed&amp;autoplay=1&quot;  allow=&quot;accelerometer; autoplay; clipboard-write; encrypted-media; gyroscope; picture-in-picture&quot; allowfullscreen&gt;&lt;\/iframe&gt;&lt;\/div&gt;&lt;\/div&gt;\"><\/div>\n\t\t\t\t\t\t\t\t\t\t\t\t\t\t\t<div class=\"post_video video_frame\">\n\t\t\t\t\t\t\t\t\t\t\t\t\t\t\t<\/div>\n\t\t\t\t\t\t\t<\/div><\/div><!-- .sc_blogger_item_body --><\/div><!-- .sc_blogger_item --><div data-post-id=\"3218\" data-item-number=\"3\" class=\"sc_blogger_item sc_item_container post_container sc_blogger_item_lay_portfolio sc_blogger_item_lay_portfolio_style_7 sc_blogger_item_odd sc_blogger_item_align_none post_format_standard sc_blogger_item_with_image sc_blogger_item_no_excerpt sc_blogger_item_image_position_top post-3218 cpt_portfolio type-cpt_portfolio status-publish has-post-thumbnail hentry cpt_portfolio_group-migrant-tv-cocuk\" ><div class=\"sc_blogger_item_body\"><div class=\"post_featured with_thumb hover_link hover_play sc_item_featured sc_blogger_item_featured post_featured_bg\" data-ratio=\"16:9\"><span class=\"post_thumb post_thumb_bg bg_in sanger_inline_1072909323\"><\/span>\t\t\t\t\t\t<div class=\"mask\"><\/div>\n\t\t\t\t\t\t<div class=\"post_info_bl\"><h5 class=\"sc_blogger_item_title entry-title\" data-item-number=\"3\"><a href=\"https:\/\/migranttv.org\/en\/portfolio\/anlat-bakalim\/\" rel=\"bookmark\">Anlat Bakal\u0131m<\/a><\/h5><div class=\"post_meta sc_blogger_item_meta post_meta_categories\"><span class=\"post_meta_item post_categories cat_sep\"><a href=\"https:\/\/migranttv.org\/portfolio_group\/migrant-tv-cocuk\/\" title=\"View all posts in Migrant TV \u00c7ocuk\">Migrant TV \u00c7ocuk<\/a><\/span><\/div><\/div><a class=\"post_link sc_blogger_item_link\" href=\"https:\/\/migranttv.org\/en\/portfolio\/anlat-bakalim\/\"><\/a>\t\t\t<a href=\"https:\/\/migranttv.org\/en\/portfolio\/anlat-bakalim\/\"  aria-hidden=\"true\" class=\"link\"><\/a>\n\t\t\t\t\t\t\t\t\t\t\t<div class=\"post_video_hover\" data-video=\"&lt;div id=&quot;sc_video_607810647&quot; class=&quot;trx_addons_video_player without_cover&quot;&gt;&lt;div class=&quot;video_embed video_frame&quot;&gt;&lt;iframe title=&quot;Anlat Bakal\u0131m | Migrant TV \u00c7ocuk&quot; width=&quot;840&quot; height=&quot;473&quot; src=&quot;https:\/\/www.youtube.com\/embed\/FNVz4JbWeYQ?feature=oembed&amp;autoplay=1&quot;  allow=&quot;accelerometer; autoplay; clipboard-write; encrypted-media; gyroscope; picture-in-picture&quot; allowfullscreen&gt;&lt;\/iframe&gt;&lt;\/div&gt;&lt;\/div&gt;\"><\/div>\n\t\t\t\t\t\t\t\t\t\t\t\t\t\t\t<div class=\"post_video video_frame\">\n\t\t\t\t\t\t\t\t\t\t\t\t\t\t\t<\/div>\n\t\t\t\t\t\t\t<\/div><\/div><!-- .sc_blogger_item_body --><\/div><!-- .sc_blogger_item --><div data-post-id=\"3217\" data-item-number=\"4\" class=\"sc_blogger_item sc_item_container post_container sc_blogger_item_lay_portfolio sc_blogger_item_lay_portfolio_style_7 sc_blogger_item_even sc_blogger_item_align_none post_format_standard sc_blogger_item_with_image sc_blogger_item_no_excerpt sc_blogger_item_image_position_top post-3217 cpt_portfolio type-cpt_portfolio status-publish has-post-thumbnail hentry cpt_portfolio_group-canli-yayinlar\" ><div class=\"sc_blogger_item_body\"><div class=\"post_featured with_thumb hover_link hover_play sc_item_featured sc_blogger_item_featured post_featured_bg\" data-ratio=\"16:9\"><span class=\"post_thumb post_thumb_bg bg_in sanger_inline_693629349\"><\/span>\t\t\t\t\t\t<div class=\"mask\"><\/div>\n\t\t\t\t\t\t<div class=\"post_info_bl\"><h5 class=\"sc_blogger_item_title entry-title\" data-item-number=\"4\"><a href=\"https:\/\/migranttv.org\/en\/portfolio\/23-nisan-canli-yayini\/\" rel=\"bookmark\">23 Nisan Canl\u0131 Yay\u0131n\u0131<\/a><\/h5><div class=\"post_meta sc_blogger_item_meta post_meta_categories\"><span class=\"post_meta_item post_categories cat_sep\"><a href=\"https:\/\/migranttv.org\/portfolio_group\/canli-yayinlar\/\" title=\"View all posts in Canl\u0131 Yay\u0131nlar\">Canl\u0131 Yay\u0131nlar<\/a><\/span><\/div><\/div><a class=\"post_link sc_blogger_item_link\" href=\"https:\/\/migranttv.org\/en\/portfolio\/23-nisan-canli-yayini\/\"><\/a>\t\t\t<a href=\"https:\/\/migranttv.org\/en\/portfolio\/23-nisan-canli-yayini\/\"  aria-hidden=\"true\" class=\"link\"><\/a>\n\t\t\t\t\t\t\t\t\t\t\t<div class=\"post_video_hover\" data-video=\"&lt;div id=&quot;sc_video_336280870&quot; class=&quot;trx_addons_video_player without_cover&quot;&gt;&lt;div class=&quot;video_embed video_frame&quot;&gt;&lt;iframe title=&quot;23 Nisan \u00d6zel Yay\u0131n\u0131 - Ankara, Adana, \u0130zmir ve Trabzon&#039;dan Canl\u0131 Yay\u0131nlar!&quot; width=&quot;840&quot; height=&quot;473&quot; src=&quot;https:\/\/www.youtube.com\/embed\/IOJSAY2vO40?feature=oembed&amp;autoplay=1&quot;  allow=&quot;accelerometer; autoplay; clipboard-write; encrypted-media; gyroscope; picture-in-picture&quot; allowfullscreen&gt;&lt;\/iframe&gt;&lt;\/div&gt;&lt;\/div&gt;\"><\/div>\n\t\t\t\t\t\t\t\t\t\t\t\t\t\t\t<div class=\"post_video video_frame\">\n\t\t\t\t\t\t\t\t\t\t\t\t\t\t\t<\/div>\n\t\t\t\t\t\t\t<\/div><\/div><!-- .sc_blogger_item_body --><\/div><!-- .sc_blogger_item --><div data-post-id=\"3215\" data-item-number=\"5\" class=\"sc_blogger_item sc_item_container post_container sc_blogger_item_lay_portfolio sc_blogger_item_lay_portfolio_style_7 sc_blogger_item_odd sc_blogger_item_align_none post_format_standard sc_blogger_item_with_image sc_blogger_item_no_excerpt sc_blogger_item_image_position_top post-3215 cpt_portfolio type-cpt_portfolio status-publish has-post-thumbnail hentry cpt_portfolio_group-migrant-tv-ozel\" ><div class=\"sc_blogger_item_body\"><div class=\"post_featured with_thumb hover_link hover_play sc_item_featured sc_blogger_item_featured post_featured_bg\" data-ratio=\"16:9\"><span class=\"post_thumb post_thumb_bg bg_in sanger_inline_2092413254\"><\/span>\t\t\t\t\t\t<div class=\"mask\"><\/div>\n\t\t\t\t\t\t<div class=\"post_info_bl\"><h5 class=\"sc_blogger_item_title entry-title\" data-item-number=\"5\"><a href=\"https:\/\/migranttv.org\/en\/portfolio\/duvar-boyama-etkinligi\/\" rel=\"bookmark\">Duvar Boyama Etkinli\u011fi<\/a><\/h5><div class=\"post_meta sc_blogger_item_meta post_meta_categories\"><span class=\"post_meta_item post_categories cat_sep\"><a href=\"https:\/\/migranttv.org\/portfolio_group\/migrant-tv-ozel\/\" title=\"View all posts in Migrant TV \u00d6zel\">Migrant TV \u00d6zel<\/a><\/span><\/div><\/div><a class=\"post_link sc_blogger_item_link\" href=\"https:\/\/migranttv.org\/en\/portfolio\/duvar-boyama-etkinligi\/\"><\/a>\t\t\t<a href=\"https:\/\/migranttv.org\/en\/portfolio\/duvar-boyama-etkinligi\/\"  aria-hidden=\"true\" class=\"link\"><\/a>\n\t\t\t\t\t\t\t\t\t\t\t<div class=\"post_video_hover\" data-video=\"&lt;div id=&quot;sc_video_563947849&quot; class=&quot;trx_addons_video_player without_cover&quot;&gt;&lt;div class=&quot;video_embed video_frame&quot;&gt;&lt;iframe title=&quot;Duvar Boyama Etkinli\u011fi&quot; width=&quot;840&quot; height=&quot;473&quot; src=&quot;https:\/\/www.youtube.com\/embed\/kDvs9J3NKbs?feature=oembed&amp;autoplay=1&quot;  allow=&quot;accelerometer; autoplay; clipboard-write; encrypted-media; gyroscope; picture-in-picture&quot; allowfullscreen&gt;&lt;\/iframe&gt;&lt;\/div&gt;&lt;\/div&gt;\"><\/div>\n\t\t\t\t\t\t\t\t\t\t\t\t\t\t\t<div class=\"post_video video_frame\">\n\t\t\t\t\t\t\t\t\t\t\t\t\t\t\t<\/div>\n\t\t\t\t\t\t\t<\/div><\/div><!-- .sc_blogger_item_body --><\/div><!-- .sc_blogger_item --><div data-post-id=\"3214\" data-item-number=\"6\" class=\"sc_blogger_item sc_item_container post_container sc_blogger_item_lay_portfolio sc_blogger_item_lay_portfolio_style_7 sc_blogger_item_even sc_blogger_item_align_none post_format_standard sc_blogger_item_with_image sc_blogger_item_no_excerpt sc_blogger_item_image_position_top post-3214 cpt_portfolio type-cpt_portfolio status-publish has-post-thumbnail hentry cpt_portfolio_group-migrant-tv-ozel\" ><div class=\"sc_blogger_item_body\"><div class=\"post_featured with_thumb hover_link hover_play sc_item_featured sc_blogger_item_featured post_featured_bg\" data-ratio=\"1:1\"><span class=\"post_thumb post_thumb_bg bg_in sanger_inline_825922709\"><\/span>\t\t\t\t\t\t<div class=\"mask\"><\/div>\n\t\t\t\t\t\t<div class=\"post_info_bl\"><h5 class=\"sc_blogger_item_title entry-title\" data-item-number=\"6\"><a href=\"https:\/\/migranttv.org\/en\/portfolio\/ifa-ile-kisa-film-atolyesi\/\" rel=\"bookmark\">\u0130FA ile K\u0131sa Film At\u00f6lyesi<\/a><\/h5><div class=\"post_meta sc_blogger_item_meta post_meta_categories\"><span class=\"post_meta_item post_categories cat_sep\"><a href=\"https:\/\/migranttv.org\/portfolio_group\/migrant-tv-ozel\/\" title=\"View all posts in Migrant TV \u00d6zel\">Migrant TV \u00d6zel<\/a><\/span><\/div><\/div><a class=\"post_link sc_blogger_item_link\" href=\"https:\/\/migranttv.org\/en\/portfolio\/ifa-ile-kisa-film-atolyesi\/\"><\/a>\t\t\t<a href=\"https:\/\/migranttv.org\/en\/portfolio\/ifa-ile-kisa-film-atolyesi\/\"  aria-hidden=\"true\" class=\"link\"><\/a>\n\t\t\t\t\t\t\t\t\t\t\t<div class=\"post_video_hover\" data-video=\"&lt;div id=&quot;sc_video_393687189&quot; class=&quot;trx_addons_video_player without_cover&quot;&gt;&lt;div class=&quot;video_embed video_frame&quot;&gt;&lt;iframe title=&quot;\u0130FA ile K\u0131sa Film At\u00f6lyesi&quot; width=&quot;840&quot; height=&quot;473&quot; src=&quot;https:\/\/www.youtube.com\/embed\/nT_nwnKilAU?feature=oembed&amp;autoplay=1&quot;  allow=&quot;accelerometer; autoplay; clipboard-write; encrypted-media; gyroscope; picture-in-picture&quot; allowfullscreen&gt;&lt;\/iframe&gt;&lt;\/div&gt;&lt;\/div&gt;\"><\/div>\n\t\t\t\t\t\t\t\t\t\t\t\t\t\t\t<div class=\"post_video video_frame\">\n\t\t\t\t\t\t\t\t\t\t\t\t\t\t\t<\/div>\n\t\t\t\t\t\t\t<\/div><\/div><!-- .sc_blogger_item_body --><\/div><!-- .sc_blogger_item --><div data-post-id=\"3213\" data-item-number=\"7\" class=\"sc_blogger_item sc_item_container post_container sc_blogger_item_lay_portfolio sc_blogger_item_lay_portfolio_style_7 sc_blogger_item_odd sc_blogger_item_align_none post_format_standard sc_blogger_item_with_image sc_blogger_item_no_excerpt sc_blogger_item_image_position_top post-3213 cpt_portfolio type-cpt_portfolio status-publish has-post-thumbnail hentry cpt_portfolio_group-migrant-tv-ozel\" ><div class=\"sc_blogger_item_body\"><div class=\"post_featured with_thumb hover_link sc_item_featured sc_blogger_item_featured post_featured_bg\" data-ratio=\"1:1\"><span class=\"post_thumb post_thumb_bg bg_in sanger_inline_913917261\"><\/span>\t\t\t\t\t\t<div class=\"mask\"><\/div>\n\t\t\t\t\t\t<div class=\"post_info_bl\"><h5 class=\"sc_blogger_item_title entry-title\" data-item-number=\"7\"><a href=\"https:\/\/migranttv.org\/en\/portfolio\/iki-dilli-tiyatro-oyunu-baris-otobusu\/\" rel=\"bookmark\">\u0130ki Dilli Tiyatro Oyunu: Bar\u0131\u015f Otob\u00fcs\u00fc<\/a><\/h5><div class=\"post_meta sc_blogger_item_meta post_meta_categories\"><span class=\"post_meta_item post_categories cat_sep\"><a href=\"https:\/\/migranttv.org\/portfolio_group\/migrant-tv-ozel\/\" title=\"View all posts in Migrant TV \u00d6zel\">Migrant TV \u00d6zel<\/a><\/span><\/div><\/div><a class=\"post_link sc_blogger_item_link\" href=\"https:\/\/migranttv.org\/en\/portfolio\/iki-dilli-tiyatro-oyunu-baris-otobusu\/\"><\/a>\t\t\t<a href=\"https:\/\/migranttv.org\/en\/portfolio\/iki-dilli-tiyatro-oyunu-baris-otobusu\/\"  aria-hidden=\"true\" class=\"link\"><\/a>\n\t\t\t<\/div><\/div><!-- .sc_blogger_item_body --><\/div><!-- .sc_blogger_item --><div data-post-id=\"3212\" data-item-number=\"8\" class=\"sc_blogger_item sc_item_container post_container sc_blogger_item_lay_portfolio sc_blogger_item_lay_portfolio_style_7 sc_blogger_item_even sc_blogger_item_align_none post_format_standard sc_blogger_item_with_image sc_blogger_item_no_excerpt sc_blogger_item_image_position_top post-3212 cpt_portfolio type-cpt_portfolio status-publish has-post-thumbnail hentry cpt_portfolio_group-migrant-tv-ozel\" ><div class=\"sc_blogger_item_body\"><div class=\"post_featured with_thumb hover_link hover_play sc_item_featured sc_blogger_item_featured post_featured_bg\" data-ratio=\"1:1\"><span class=\"post_thumb post_thumb_bg bg_in sanger_inline_87991040\"><\/span>\t\t\t\t\t\t<div class=\"mask\"><\/div>\n\t\t\t\t\t\t<div class=\"post_info_bl\"><h5 class=\"sc_blogger_item_title entry-title\" data-item-number=\"8\"><a href=\"https:\/\/migranttv.org\/en\/portfolio\/kadinlik-ve-surdurulebilirlik-sergisi\/\" rel=\"bookmark\">Kad\u0131nl\u0131k ve S\u00fcrd\u00fcr\u00fclebilirlik Sergisi<\/a><\/h5><div class=\"post_meta sc_blogger_item_meta post_meta_categories\"><span class=\"post_meta_item post_categories cat_sep\"><a href=\"https:\/\/migranttv.org\/portfolio_group\/migrant-tv-ozel\/\" title=\"View all posts in Migrant TV \u00d6zel\">Migrant TV \u00d6zel<\/a><\/span><\/div><\/div><a class=\"post_link sc_blogger_item_link\" href=\"https:\/\/migranttv.org\/en\/portfolio\/kadinlik-ve-surdurulebilirlik-sergisi\/\"><\/a>\t\t\t<a href=\"https:\/\/migranttv.org\/en\/portfolio\/kadinlik-ve-surdurulebilirlik-sergisi\/\"  aria-hidden=\"true\" class=\"link\"><\/a>\n\t\t\t\t\t\t\t\t\t\t\t<div class=\"post_video_hover\" data-video=\"&lt;div id=&quot;sc_video_580073274&quot; class=&quot;trx_addons_video_player without_cover&quot;&gt;&lt;div class=&quot;video_embed video_frame&quot;&gt;&lt;iframe title=&quot;Kad\u0131nl\u0131k ve S\u00fcrd\u00fcr\u00fclebilirlik Sergisi&quot; width=&quot;840&quot; height=&quot;473&quot; src=&quot;https:\/\/www.youtube.com\/embed\/2TifhUt-SvE?feature=oembed&amp;autoplay=1&quot;  allow=&quot;accelerometer; autoplay; clipboard-write; encrypted-media; gyroscope; picture-in-picture&quot; allowfullscreen&gt;&lt;\/iframe&gt;&lt;\/div&gt;&lt;\/div&gt;\"><\/div>\n\t\t\t\t\t\t\t\t\t\t\t\t\t\t\t<div class=\"post_video video_frame\">\n\t\t\t\t\t\t\t\t\t\t\t\t\t\t\t<\/div>\n\t\t\t\t\t\t\t<\/div><\/div><!-- .sc_blogger_item_body --><\/div><!-- .sc_blogger_item --><div data-post-id=\"3198\" data-item-number=\"9\" class=\"sc_blogger_item sc_item_container post_container sc_blogger_item_lay_portfolio sc_blogger_item_lay_portfolio_style_7 sc_blogger_item_odd sc_blogger_item_align_none post_format_standard sc_blogger_item_with_image sc_blogger_item_no_excerpt sc_blogger_item_image_position_top post-3198 cpt_portfolio type-cpt_portfolio status-publish has-post-thumbnail hentry cpt_portfolio_group-trends\" ><div class=\"sc_blogger_item_body\"><div class=\"post_featured with_thumb hover_link hover_play sc_item_featured sc_blogger_item_featured post_featured_bg\" data-ratio=\"1:1\"><span class=\"post_thumb post_thumb_bg bg_in sanger_inline_1942030989\"><\/span>\t\t\t\t\t\t<div class=\"mask\"><\/div>\n\t\t\t\t\t\t<div class=\"post_info_bl\"><h5 class=\"sc_blogger_item_title entry-title\" data-item-number=\"9\"><a href=\"https:\/\/migranttv.org\/en\/portfolio\/iklim-farkindaligi-kuresel-isinma-iklim-multeciligi\/\" rel=\"bookmark\">\u0130klim Fark\u0131ndal\u0131\u011f\u0131, K\u00fcresel Is\u0131nma &#038; \u0130klim M\u00fcltecili\u011fi<\/a><\/h5><div class=\"post_meta sc_blogger_item_meta post_meta_categories\"><span class=\"post_meta_item post_categories cat_sep\"><a href=\"https:\/\/migranttv.org\/portfolio_group\/trends\/\" title=\"View all posts in Trends\">Trends<\/a><\/span><\/div><\/div><a class=\"post_link sc_blogger_item_link\" href=\"https:\/\/migranttv.org\/en\/portfolio\/iklim-farkindaligi-kuresel-isinma-iklim-multeciligi\/\"><\/a>\t\t\t<a href=\"https:\/\/migranttv.org\/en\/portfolio\/iklim-farkindaligi-kuresel-isinma-iklim-multeciligi\/\"  aria-hidden=\"true\" class=\"link\"><\/a>\n\t\t\t\t\t\t\t\t\t\t\t<div class=\"post_video_hover\" data-video=\"&lt;div id=&quot;sc_video_328146154&quot; class=&quot;trx_addons_video_player without_cover&quot;&gt;&lt;div class=&quot;video_embed video_frame&quot;&gt;&lt;iframe title=&quot;\u0130klim Fark\u0131ndal\u0131\u011f\u0131, K\u00fcresel Is\u0131nma &amp; \u0130klim M\u00fcltecili\u011fi | Ezgi Karata\u015f ile Birlikte \u00d6\u011freniyoruz #1&quot; width=&quot;840&quot; height=&quot;473&quot; src=&quot;https:\/\/www.youtube.com\/embed\/rlBiJqozd8M?feature=oembed&amp;autoplay=1&quot;  allow=&quot;accelerometer; autoplay; clipboard-write; encrypted-media; gyroscope; picture-in-picture&quot; allowfullscreen&gt;&lt;\/iframe&gt;&lt;\/div&gt;&lt;\/div&gt;\"><\/div>\n\t\t\t\t\t\t\t\t\t\t\t\t\t\t\t<div class=\"post_video video_frame\">\n\t\t\t\t\t\t\t\t\t\t\t\t\t\t\t<\/div>\n\t\t\t\t\t\t\t<\/div><\/div><!-- .sc_blogger_item_body --><\/div><!-- .sc_blogger_item --><\/div><\/div><\/div>\t\t<\/div>\n\t\t\t\t<\/div>\n\t\t\t\t<div class=\"elementor-element elementor-element-35f0a8d sc_height_large sc_fly_static elementor-widget elementor-widget-spacer\" data-id=\"35f0a8d\" data-element_type=\"widget\" data-widget_type=\"spacer.default\">\n\t\t\t\t<div class=\"elementor-widget-container\">\n\t\t\t\t\t<div class=\"elementor-spacer\">\n\t\t\t<div class=\"elementor-spacer-inner\"><\/div>\n\t\t<\/div>\n\t\t\t\t<\/div>\n\t\t\t\t<\/div>\n\t\t\t\t\t\t<\/div>\n\t\t\t\t\t<\/div>\n\t\t<\/div>\n\t\t\t\t\t\t\t\t<\/div>\n\t\t\t\t\t<\/div>\n\t\t<\/section>\n\t\t\t\t\t\t\t\t\t<\/div>\n\t\t\t<\/div>\n\t\t\t\t\t<\/div>\n\t\t","protected":false},"excerpt":{"rendered":"<p>Adana Sar\u0131\u00e7am \u00c7ocuk \u015eenli\u011fi Covers, Migrant TV \u00d6zel Hikmet \u00c7etinkaya ile Resim At\u00f6lyesi Migrant TV \u00d6zel Anlat Bakal\u0131m Migrant TV \u00c7ocuk 23 Nisan Canl\u0131 Yay\u0131n\u0131 Canl\u0131 Yay\u0131nlar Duvar Boyama Etkinli\u011fi&hellip;<\/p>\n","protected":false},"author":1,"featured_media":0,"parent":0,"menu_order":0,"comment_status":"closed","ping_status":"closed","template":"","meta":[],"_links":{"self":[{"href":"https:\/\/migranttv.org\/en\/wp-json\/wp\/v2\/pages\/21134"}],"collection":[{"href":"https:\/\/migranttv.org\/en\/wp-json\/wp\/v2\/pages"}],"about":[{"href":"https:\/\/migranttv.org\/en\/wp-json\/wp\/v2\/types\/page"}],"author":[{"embeddable":true,"href":"https:\/\/migranttv.org\/en\/wp-json\/wp\/v2\/users\/1"}],"replies":[{"embeddable":true,"href":"https:\/\/migranttv.org\/en\/wp-json\/wp\/v2\/comments?post=21134"}],"version-history":[{"count":3,"href":"https:\/\/migranttv.org\/en\/wp-json\/wp\/v2\/pages\/21134\/revisions"}],"predecessor-version":[{"id":21137,"href":"https:\/\/migranttv.org\/en\/wp-json\/wp\/v2\/pages\/21134\/revisions\/21137"}],"wp:attachment":[{"href":"https:\/\/migranttv.org\/en\/wp-json\/wp\/v2\/media?parent=21134"}],"curies":[{"name":"wp","href":"https:\/\/api.w.org\/{rel}","templated":true}]}}